{"id":388,"date":"2026-01-17T21:54:23","date_gmt":"2026-01-18T02:54:23","guid":{"rendered":"https:\/\/www.tacaconsultants.com\/?page_id=388"},"modified":"2026-01-19T10:14:52","modified_gmt":"2026-01-19T15:14:52","slug":"perfilacion-avanzada-y-entrevistas-estrategicas","status":"publish","type":"page","link":"https:\/\/www.tacaconsultants.com\/index.php\/perfilacion-avanzada-y-entrevistas-estrategicas\/","title":{"rendered":"Perfilaci\u00f3n Avanzada y Entrevistas Estrat\u00e9gicas"},"content":{"rendered":"\t\t<div data-elementor-type=\"wp-post\" data-elementor-id=\"388\" class=\"elementor elementor-388\" data-elementor-post-type=\"page\">\n\t\t\t\t\t\t<section class=\"elementor-section elementor-top-section elementor-element elementor-element-78fae01 elementor-section-boxed elementor-section-height-default elementor-section-height-default\" data-id=\"78fae01\" data-element_type=\"section\" data-settings=\"{&quot;background_background&quot;:&quot;classic&quot;,&quot;ekit_section_parallax_bg&quot;:&quot;yes&quot;,&quot;ekit_section_parallax_bg_speed&quot;:&quot;0.7&quot;,&quot;ekit_has_onepagescroll_dot&quot;:&quot;yes&quot;}\">\n\t\t\t\t\t\t\t<div class=\"elementor-background-overlay\"><\/div>\n\t\t\t\t\t\t\t<div class=\"elementor-container elementor-column-gap-default\">\n\t\t\t\t\t<div class=\"elementor-column elementor-col-50 elementor-top-column elementor-element elementor-element-4a05f5be\" data-id=\"4a05f5be\" data-element_type=\"column\" data-settings=\"{&quot;background_background&quot;:&quot;classic&quot;}\">\n\t\t\t<div class=\"elementor-widget-wrap elementor-element-populated\">\n\t\t\t\t\t\t<div class=\"elementor-element elementor-element-c22bafd elementor-widget elementor-widget-image\" data-id=\"c22bafd\" data-element_type=\"widget\" data-settings=\"{&quot;ekit_we_effect_on&quot;:&quot;none&quot;}\" data-widget_type=\"image.default\">\n\t\t\t\t\t\t\t\t\t\t\t\t\t\t\t<img fetchpriority=\"high\" decoding=\"async\" width=\"647\" height=\"974\" src=\"https:\/\/www.tacaconsultants.com\/wp-content\/uploads\/2026\/01\/Porst10.jpg\" class=\"attachment-large size-large wp-image-691\" alt=\"\" srcset=\"https:\/\/www.tacaconsultants.com\/wp-content\/uploads\/2026\/01\/Porst10.jpg 647w, https:\/\/www.tacaconsultants.com\/wp-content\/uploads\/2026\/01\/Porst10-199x300.jpg 199w\" sizes=\"(max-width: 647px) 100vw, 647px\" \/>\t\t\t\t\t\t\t\t\t\t\t\t\t\t\t<\/div>\n\t\t\t\t\t<\/div>\n\t\t<\/div>\n\t\t\t\t<div class=\"elementor-column elementor-col-50 elementor-top-column elementor-element elementor-element-589f1cda\" data-id=\"589f1cda\" data-element_type=\"column\">\n\t\t\t<div class=\"elementor-widget-wrap elementor-element-populated\">\n\t\t\t\t\t\t<div class=\"elementor-element elementor-element-63cef262 elementor-widget elementor-widget-elementskit-heading\" data-id=\"63cef262\" data-element_type=\"widget\" data-settings=\"{&quot;ekit_we_effect_on&quot;:&quot;none&quot;}\" data-widget_type=\"elementskit-heading.default\">\n\t\t\t\t\t<div class=\"ekit-wid-con\" ><div class=\"ekit-heading elementskit-section-title-wraper text_left   ekit_heading_tablet-   ekit_heading_mobile-text_center\"><h2 class=\"ekit-heading--title elementskit-section-title \">Perfilaci\u00f3n Avanzada y Entrevistas Estrat\u00e9gicas.<\/h2>\t\t\t\t<div class='ekit-heading__description'>\n\t\t\t\t\t<p>Conocemos a tu audiencia m\u00e1s all\u00e1 de los datos tradicionales.<\/p>\n\t\t\t\t<\/div>\n\t\t\t<\/div><\/div>\t\t\t\t<\/div>\n\t\t\t\t\t<\/div>\n\t\t<\/div>\n\t\t\t\t\t<\/div>\n\t\t<\/section>\n\t\t\t\t<section class=\"elementor-section elementor-top-section elementor-element elementor-element-63078a6 elementor-section-boxed elementor-section-height-default elementor-section-height-default\" data-id=\"63078a6\" data-element_type=\"section\" data-settings=\"{&quot;ekit_has_onepagescroll_dot&quot;:&quot;yes&quot;}\">\n\t\t\t\t\t\t<div class=\"elementor-container elementor-column-gap-default\">\n\t\t\t\t\t<div class=\"elementor-column elementor-col-33 elementor-top-column elementor-element elementor-element-78324bd7 elementor-invisible\" data-id=\"78324bd7\" data-element_type=\"column\" data-settings=\"{&quot;animation&quot;:&quot;zoomIn&quot;}\">\n\t\t\t<div class=\"elementor-widget-wrap elementor-element-populated\">\n\t\t\t\t\t\t<div class=\"elementor-element elementor-element-72597ecf ekit-equal-height-enable elementor-invisible elementor-widget elementor-widget-elementskit-icon-box\" data-id=\"72597ecf\" data-element_type=\"widget\" data-settings=\"{&quot;_animation&quot;:&quot;fadeIn&quot;,&quot;ekit_we_effect_on&quot;:&quot;none&quot;}\" data-widget_type=\"elementskit-icon-box.default\">\n\t\t\t\t\t<div class=\"ekit-wid-con\" >        <!-- link opening -->\n                <a href=\"#\" class=\"ekit_global_links\">\n                <!-- end link opening -->\n\n        <div class=\"elementskit-infobox text-center text- icon-top-align elementor-animation-   image-active\">\n                    <div class=\"elementskit-box-header elementor-animation-\">\n                <div class=\"elementskit-info-box-icon  \">\n                    <svg aria-hidden=\"true\" class=\"elementkit-infobox-icon e-font-icon-svg e-fas-broadcast-tower\" viewBox=\"0 0 640 512\" xmlns=\"http:\/\/www.w3.org\/2000\/svg\"><path d=\"M150.94 192h33.73c11.01 0 18.61-10.83 14.86-21.18-4.93-13.58-7.55-27.98-7.55-42.82s2.62-29.24 7.55-42.82C203.29 74.83 195.68 64 184.67 64h-33.73c-7.01 0-13.46 4.49-15.41 11.23C130.64 92.21 128 109.88 128 128c0 18.12 2.64 35.79 7.54 52.76 1.94 6.74 8.39 11.24 15.4 11.24zM89.92 23.34C95.56 12.72 87.97 0 75.96 0H40.63c-6.27 0-12.14 3.59-14.74 9.31C9.4 45.54 0 85.65 0 128c0 24.75 3.12 68.33 26.69 118.86 2.62 5.63 8.42 9.14 14.61 9.14h34.84c12.02 0 19.61-12.74 13.95-23.37-49.78-93.32-16.71-178.15-.17-209.29zM614.06 9.29C611.46 3.58 605.6 0 599.33 0h-35.42c-11.98 0-19.66 12.66-14.02 23.25 18.27 34.29 48.42 119.42.28 209.23-5.72 10.68 1.8 23.52 13.91 23.52h35.23c6.27 0 12.13-3.58 14.73-9.29C630.57 210.48 640 170.36 640 128s-9.42-82.48-25.94-118.71zM489.06 64h-33.73c-11.01 0-18.61 10.83-14.86 21.18 4.93 13.58 7.55 27.98 7.55 42.82s-2.62 29.24-7.55 42.82c-3.76 10.35 3.85 21.18 14.86 21.18h33.73c7.02 0 13.46-4.49 15.41-11.24 4.9-16.97 7.53-34.64 7.53-52.76 0-18.12-2.64-35.79-7.54-52.76-1.94-6.75-8.39-11.24-15.4-11.24zm-116.3 100.12c7.05-10.29 11.2-22.71 11.2-36.12 0-35.35-28.63-64-63.96-64-35.32 0-63.96 28.65-63.96 64 0 13.41 4.15 25.83 11.2 36.12l-130.5 313.41c-3.4 8.15.46 17.52 8.61 20.92l29.51 12.31c8.15 3.4 17.52-.46 20.91-8.61L244.96 384h150.07l49.2 118.15c3.4 8.16 12.76 12.01 20.91 8.61l29.51-12.31c8.15-3.4 12-12.77 8.61-20.92l-130.5-313.41zM271.62 320L320 203.81 368.38 320h-96.76z\"><\/path><\/svg>\n                <\/div>\n          <\/div>\n                        <div class=\"box-body\">\n                            <h3 class=\"elementskit-info-box-title\">\n                    IA                <\/h3>\n                        \t\t  \t<p>Procesos de perfilaci\u00f3n profunda apoyados en data e IA.<\/p>\n                                <\/div>\n        \n                            \n                <\/div>\n                <\/a>\n        <\/div>\t\t\t\t<\/div>\n\t\t\t\t\t<\/div>\n\t\t<\/div>\n\t\t\t\t<div class=\"elementor-column elementor-col-33 elementor-top-column elementor-element elementor-element-52c9efce elementor-invisible\" data-id=\"52c9efce\" data-element_type=\"column\" data-settings=\"{&quot;animation&quot;:&quot;zoomIn&quot;,&quot;animation_delay&quot;:20}\">\n\t\t\t<div class=\"elementor-widget-wrap elementor-element-populated\">\n\t\t\t\t\t\t<div class=\"elementor-element elementor-element-e3d99db ekit-equal-height-enable elementor-invisible elementor-widget elementor-widget-elementskit-icon-box\" data-id=\"e3d99db\" data-element_type=\"widget\" data-settings=\"{&quot;_animation&quot;:&quot;fadeIn&quot;,&quot;ekit_we_effect_on&quot;:&quot;none&quot;}\" data-widget_type=\"elementskit-icon-box.default\">\n\t\t\t\t\t<div class=\"ekit-wid-con\" >        <!-- link opening -->\n                <a href=\"#\" class=\"ekit_global_links\">\n                <!-- end link opening -->\n\n        <div class=\"elementskit-infobox text-center text- icon-top-align elementor-animation-   image-active\">\n                    <div class=\"elementskit-box-header elementor-animation-\">\n                <div class=\"elementskit-info-box-icon  \">\n                    <svg aria-hidden=\"true\" class=\"elementkit-infobox-icon e-font-icon-svg e-fas-file-signature\" viewBox=\"0 0 576 512\" xmlns=\"http:\/\/www.w3.org\/2000\/svg\"><path d=\"M218.17 424.14c-2.95-5.92-8.09-6.52-10.17-6.52s-7.22.59-10.02 6.19l-7.67 15.34c-6.37 12.78-25.03 11.37-29.48-2.09L144 386.59l-10.61 31.88c-5.89 17.66-22.38 29.53-41 29.53H80c-8.84 0-16-7.16-16-16s7.16-16 16-16h12.39c4.83 0 9.11-3.08 10.64-7.66l18.19-54.64c3.3-9.81 12.44-16.41 22.78-16.41s19.48 6.59 22.77 16.41l13.88 41.64c19.75-16.19 54.06-9.7 66 14.16 1.89 3.78 5.49 5.95 9.36 6.26v-82.12l128-127.09V160H248c-13.2 0-24-10.8-24-24V0H24C10.7 0 0 10.7 0 24v464c0 13.3 10.7 24 24 24h336c13.3 0 24-10.7 24-24v-40l-128-.11c-16.12-.31-30.58-9.28-37.83-23.75zM384 121.9c0-6.3-2.5-12.4-7-16.9L279.1 7c-4.5-4.5-10.6-7-17-7H256v128h128v-6.1zm-96 225.06V416h68.99l161.68-162.78-67.88-67.88L288 346.96zm280.54-179.63l-31.87-31.87c-9.94-9.94-26.07-9.94-36.01 0l-27.25 27.25 67.88 67.88 27.25-27.25c9.95-9.94 9.95-26.07 0-36.01z\"><\/path><\/svg>\n                <\/div>\n          <\/div>\n                        <div class=\"box-body\">\n                            <h3 class=\"elementskit-info-box-title\">\n                    Entrevistas                <\/h3>\n                        \t\t  \t<p>Entrevistas en profundidad con decisores y usuarios finales.<br><\/p>\n                                <\/div>\n        \n                            \n                <\/div>\n                <\/a>\n        <\/div>\t\t\t\t<\/div>\n\t\t\t\t\t<\/div>\n\t\t<\/div>\n\t\t\t\t<div class=\"elementor-column elementor-col-33 elementor-top-column elementor-element elementor-element-4e1a671f elementor-invisible\" data-id=\"4e1a671f\" data-element_type=\"column\" data-settings=\"{&quot;animation&quot;:&quot;zoomIn&quot;,&quot;animation_delay&quot;:40}\">\n\t\t\t<div class=\"elementor-widget-wrap elementor-element-populated\">\n\t\t\t\t\t\t<div class=\"elementor-element elementor-element-787a71b4 ekit-equal-height-enable elementor-invisible elementor-widget elementor-widget-elementskit-icon-box\" data-id=\"787a71b4\" data-element_type=\"widget\" data-settings=\"{&quot;_animation&quot;:&quot;fadeIn&quot;,&quot;ekit_we_effect_on&quot;:&quot;none&quot;}\" data-widget_type=\"elementskit-icon-box.default\">\n\t\t\t\t\t<div class=\"ekit-wid-con\" >        <!-- link opening -->\n                <a href=\"#\" class=\"ekit_global_links\">\n                <!-- end link opening -->\n\n        <div class=\"elementskit-infobox text-center text- icon-top-align elementor-animation-   image-active\">\n                    <div class=\"elementskit-box-header elementor-animation-\">\n                <div class=\"elementskit-info-box-icon  \">\n                    <svg aria-hidden=\"true\" class=\"elementkit-infobox-icon e-font-icon-svg e-far-laugh-beam\" viewBox=\"0 0 496 512\" xmlns=\"http:\/\/www.w3.org\/2000\/svg\"><path d=\"M248 8C111 8 0 119 0 256s111 248 248 248 248-111 248-248S385 8 248 8zm141.4 389.4c-37.8 37.8-88 58.6-141.4 58.6s-103.6-20.8-141.4-58.6S48 309.4 48 256s20.8-103.6 58.6-141.4S194.6 56 248 56s103.6 20.8 141.4 58.6S448 202.6 448 256s-20.8 103.6-58.6 141.4zM328 152c-23.8 0-52.7 29.3-56 71.4-.7 8.6 10.8 11.9 14.9 4.5l9.5-17c7.7-13.7 19.2-21.6 31.5-21.6s23.8 7.9 31.5 21.6l9.5 17c4.1 7.4 15.6 4 14.9-4.5-3.1-42.1-32-71.4-55.8-71.4zm-201 75.9l9.5-17c7.7-13.7 19.2-21.6 31.5-21.6s23.8 7.9 31.5 21.6l9.5 17c4.1 7.4 15.6 4 14.9-4.5-3.3-42.1-32.2-71.4-56-71.4s-52.7 29.3-56 71.4c-.6 8.5 10.9 11.9 15.1 4.5zM362.4 288H133.6c-8.2 0-14.5 7-13.5 15 7.5 59.2 58.9 105 121.1 105h13.6c62.2 0 113.6-45.8 121.1-105 1-8-5.3-15-13.5-15z\"><\/path><\/svg>\n                <\/div>\n          <\/div>\n                        <div class=\"box-body\">\n                            <h3 class=\"elementskit-info-box-title\">\n                    Proyectos                <\/h3>\n                        \t\t  \t<p>Identificaci\u00f3n de motivaciones, dolores y oportunidades latentes.<\/p>\n                                <\/div>\n        \n                            \n                <\/div>\n                <\/a>\n        <\/div>\t\t\t\t<\/div>\n\t\t\t\t\t<\/div>\n\t\t<\/div>\n\t\t\t\t\t<\/div>\n\t\t<\/section>\n\t\t\t\t<section class=\"elementor-section elementor-top-section elementor-element elementor-element-a4ca85a elementor-section-boxed elementor-section-height-default elementor-section-height-default\" data-id=\"a4ca85a\" data-element_type=\"section\" data-settings=\"{&quot;background_background&quot;:&quot;classic&quot;,&quot;ekit_has_onepagescroll_dot&quot;:&quot;yes&quot;}\">\n\t\t\t\t\t\t<div class=\"elementor-container elementor-column-gap-default\">\n\t\t\t\t\t<div class=\"elementor-column elementor-col-100 elementor-top-column elementor-element elementor-element-ba89eb6\" data-id=\"ba89eb6\" data-element_type=\"column\">\n\t\t\t<div class=\"elementor-widget-wrap elementor-element-populated\">\n\t\t\t\t\t\t<div class=\"elementor-element elementor-element-72a5e7a elementor-widget elementor-widget-text-editor\" data-id=\"72a5e7a\" data-element_type=\"widget\" data-settings=\"{&quot;ekit_we_effect_on&quot;:&quot;none&quot;}\" data-widget_type=\"text-editor.default\">\n\t\t\t\t\t\t\t\t\t<p>Dise\u00f1amos experiencias de marketing y ventas <strong>m\u00e1s relevantes, personalizadas y efectivas<\/strong>.<\/p>\t\t\t\t\t\t\t\t<\/div>\n\t\t\t\t\t<\/div>\n\t\t<\/div>\n\t\t\t\t\t<\/div>\n\t\t<\/section>\n\t\t\t\t<\/div>\n\t\t","protected":false},"excerpt":{"rendered":"<p>Perfilaci\u00f3n Avanzada y Entrevistas Estrat\u00e9gicas. Conocemos a tu audiencia m\u00e1s all\u00e1 de los datos tradicionales. IA Procesos de perfilaci\u00f3n profunda apoyados en data e IA. Entrevistas Entrevistas en profundidad con decisores y usuarios finales. Proyectos Identificaci\u00f3n de motivaciones, dolores y oportunidades latentes. Dise\u00f1amos experiencias de marketing y ventas m\u00e1s relevantes, personalizadas y efectivas.<\/p>\n","protected":false},"author":1,"featured_media":0,"parent":0,"menu_order":0,"comment_status":"closed","ping_status":"closed","template":"elementor_header_footer","meta":{"footnotes":""},"class_list":["post-388","page","type-page","status-publish","hentry"],"_links":{"self":[{"href":"https:\/\/www.tacaconsultants.com\/index.php\/wp-json\/wp\/v2\/pages\/388","targetHints":{"allow":["GET"]}}],"collection":[{"href":"https:\/\/www.tacaconsultants.com\/index.php\/wp-json\/wp\/v2\/pages"}],"about":[{"href":"https:\/\/www.tacaconsultants.com\/index.php\/wp-json\/wp\/v2\/types\/page"}],"author":[{"embeddable":true,"href":"https:\/\/www.tacaconsultants.com\/index.php\/wp-json\/wp\/v2\/users\/1"}],"replies":[{"embeddable":true,"href":"https:\/\/www.tacaconsultants.com\/index.php\/wp-json\/wp\/v2\/comments?post=388"}],"version-history":[{"count":16,"href":"https:\/\/www.tacaconsultants.com\/index.php\/wp-json\/wp\/v2\/pages\/388\/revisions"}],"predecessor-version":[{"id":694,"href":"https:\/\/www.tacaconsultants.com\/index.php\/wp-json\/wp\/v2\/pages\/388\/revisions\/694"}],"wp:attachment":[{"href":"https:\/\/www.tacaconsultants.com\/index.php\/wp-json\/wp\/v2\/media?parent=388"}],"curies":[{"name":"wp","href":"https:\/\/api.w.org\/{rel}","templated":true}]}}